{"id":12813,"date":"2026-04-20T13:20:46","date_gmt":"2026-04-20T11:20:46","guid":{"rendered":"https:\/\/bitzen-online.de\/wp\/?page_id=12813"},"modified":"2026-04-21T14:28:26","modified_gmt":"2026-04-21T12:28:26","slug":"barrierefreiheit","status":"publish","type":"page","link":"https:\/\/bitzen-online.de\/wp\/?page_id=12813","title":{"rendered":"Barrierefreiheit"},"content":{"rendered":"<p>[et_pb_section fb_built=&#8220;1&#8243; _builder_version=&#8220;4.27.0&#8243; custom_margin=&#8220;0px||||false|false&#8220; custom_padding=&#8220;20px||0px||false|false&#8220; top_divider_style=&#8220;curve2&#8243; top_divider_color=&#8220;rgba(1,55,170,0.67)&#8220; top_divider_height=&#8220;35px&#8220; top_divider_repeat=&#8220;0x&#8220; global_colors_info=&#8220;{}&#8220;][et_pb_row column_structure=&#8220;1_4,3_4&#8243; _builder_version=&#8220;4.16&#8243; width=&#8220;96%&#8220; global_colors_info=&#8220;{}&#8220;][et_pb_column type=&#8220;1_4&#8243; _builder_version=&#8220;4.16&#8243; global_colors_info=&#8220;{}&#8220;][et_pb_image src=&#8220;https:\/\/bitzen-online.de\/wp\/wp-content\/uploads\/2020\/02\/logo_r.jpg&#8220; alt=&#8220;Logo von Bitzen mit Link auf Startseite&#8220; title_text=&#8220;logo_r&#8220; url=&#8220;https:\/\/bitzen-online.de\/wp\/&#8220; admin_label=&#8220;Logo&#8220; _builder_version=&#8220;4.27.4&#8243; global_module=&#8220;11056&#8243; saved_tabs=&#8220;all&#8220; global_colors_info=&#8220;{}&#8220;][\/et_pb_image][et_pb_text disabled_on=&#8220;on|on|off&#8220; admin_label=&#8220;Men\u00fctitel-1&#8243; _builder_version=&#8220;4.27.4&#8243; _module_preset=&#8220;default&#8220; text_font=&#8220;|600||||on|||&#8220; text_text_color=&#8220;#00a300&#8243; text_font_size=&#8220;30px&#8220; text_letter_spacing=&#8220;3px&#8220; text_line_height=&#8220;1em&#8220; header_font=&#8220;|600||||on|||&#8220; header_text_align=&#8220;left&#8220; header_text_color=&#8220;#00a300&#8243; header_letter_spacing=&#8220;1px&#8220; custom_margin=&#8220;||5px||false|false&#8220; custom_padding=&#8220;||0px|||&#8220; global_module=&#8220;10434&#8243; saved_tabs=&#8220;all&#8220; global_colors_info=&#8220;{}&#8220;]<\/p>\n<h1>Die Gemeinde<\/h1>\n<p>[\/et_pb_text][et_pb_menu menu_id=&#8220;3&#8243; active_link_color=&#8220;#595959&#8243; dropdown_menu_line_color=&#8220;#0aa300&#8243; disabled_on=&#8220;on|on|off&#8220; admin_label=&#8220;Men\u00fc-1&#8243; module_class=&#8220;pa-vertical-menu&#8220; _builder_version=&#8220;4.27.4&#8243; _module_preset=&#8220;default&#8220; menu_text_color=&#8220;#595959&#8243; menu_font_size=&#8220;18px&#8220; menu_line_height=&#8220;1.2em&#8220; width=&#8220;90%&#8220; max_width=&#8220;90%&#8220; custom_margin=&#8220;0px|0px|20px|20px|false|false&#8220; custom_padding=&#8220;0px|0px|10px|0px|false|false&#8220; box_shadow_style=&#8220;preset2&#8243; box_shadow_horizontal=&#8220;20px&#8220; box_shadow_vertical=&#8220;15px&#8220; box_shadow_blur=&#8220;15px&#8220; box_shadow_spread=&#8220;-6px&#8220; global_module=&#8220;10435&#8243; saved_tabs=&#8220;all&#8220; global_colors_info=&#8220;{}&#8220;][\/et_pb_menu][et_pb_text disabled_on=&#8220;on|on|off&#8220; admin_label=&#8220;Men\u00fctitel-2&#8243; _builder_version=&#8220;4.27.4&#8243; _module_preset=&#8220;default&#8220; text_font=&#8220;|600||||on|||&#8220; text_text_color=&#8220;#0c71c3&#8243; text_font_size=&#8220;30px&#8220; text_letter_spacing=&#8220;3px&#8220; text_line_height=&#8220;1em&#8220; header_font=&#8220;|600||||on|||&#8220; header_text_align=&#8220;left&#8220; header_text_color=&#8220;#0c71c3&#8243; header_letter_spacing=&#8220;1px&#8220; custom_margin=&#8220;||5px||false|false&#8220; global_module=&#8220;10436&#8243; saved_tabs=&#8220;all&#8220; global_colors_info=&#8220;{}&#8220;]<\/p>\n<h1>Freizeit &amp; Kultur<\/h1>\n<p>[\/et_pb_text][et_pb_menu menu_id=&#8220;4&#8243; active_link_color=&#8220;#595959&#8243; dropdown_menu_line_color=&#8220;#0c71c3&#8243; disabled_on=&#8220;on|on|off&#8220; admin_label=&#8220;Men\u00fc-2&#8243; module_class=&#8220;pa-vertical-menu&#8220; _builder_version=&#8220;4.27.4&#8243; _module_preset=&#8220;default&#8220; menu_text_color=&#8220;#595959&#8243; menu_font_size=&#8220;18px&#8220; menu_line_height=&#8220;1.2em&#8220; width=&#8220;90%&#8220; max_width=&#8220;90%&#8220; custom_margin=&#8220;0px|0px|20px|20px|false|false&#8220; custom_padding=&#8220;0px|0px|10px|0px|false|false&#8220; box_shadow_style=&#8220;preset2&#8243; box_shadow_horizontal=&#8220;20px&#8220; box_shadow_vertical=&#8220;15px&#8220; box_shadow_blur=&#8220;15px&#8220; box_shadow_spread=&#8220;-6px&#8220; global_module=&#8220;10437&#8243; saved_tabs=&#8220;all&#8220; global_colors_info=&#8220;{}&#8220;][\/et_pb_menu][et_pb_text disabled_on=&#8220;on|on|off&#8220; admin_label=&#8220;Men\u00fctitel-3&#8243; _builder_version=&#8220;4.27.4&#8243; _module_preset=&#8220;default&#8220; text_font=&#8220;|600||||on|||&#8220; text_text_color=&#8220;#e02b20&#8243; text_font_size=&#8220;30px&#8220; text_letter_spacing=&#8220;3px&#8220; text_line_height=&#8220;1em&#8220; header_font=&#8220;|600||||on|||&#8220; header_text_align=&#8220;left&#8220; header_text_color=&#8220;#e02b20&#8243; header_letter_spacing=&#8220;1px&#8220; custom_margin=&#8220;||5px||false|false&#8220; global_module=&#8220;10438&#8243; saved_tabs=&#8220;all&#8220; global_colors_info=&#8220;{}&#8220;]<\/p>\n<h1>Bitzer Allerlei<\/h1>\n<p>[\/et_pb_text][et_pb_menu menu_id=&#8220;5&#8243; active_link_color=&#8220;#595959&#8243; dropdown_menu_line_color=&#8220;#e02b20&#8243; disabled_on=&#8220;on|on|off&#8220; admin_label=&#8220;Men\u00fc-3&#8243; module_class=&#8220;pa-vertical-menu&#8220; _builder_version=&#8220;4.27.4&#8243; _module_preset=&#8220;default&#8220; menu_text_color=&#8220;#595959&#8243; menu_font_size=&#8220;18px&#8220; menu_line_height=&#8220;1.2em&#8220; width=&#8220;90%&#8220; max_width=&#8220;90%&#8220; custom_margin=&#8220;0px|0px|20px|20px|false|false&#8220; custom_padding=&#8220;0px|0px|10px|0px|false|false&#8220; box_shadow_style=&#8220;preset2&#8243; box_shadow_horizontal=&#8220;20px&#8220; box_shadow_vertical=&#8220;15px&#8220; box_shadow_blur=&#8220;15px&#8220; box_shadow_spread=&#8220;-6px&#8220; global_module=&#8220;10439&#8243; saved_tabs=&#8220;all&#8220; global_colors_info=&#8220;{}&#8220;][\/et_pb_menu][et_pb_text disabled_on=&#8220;on|on|off&#8220; admin_label=&#8220;Men\u00fctitel-4&#8243; _builder_version=&#8220;4.27.4&#8243; _module_preset=&#8220;default&#8220; text_font=&#8220;|600||||on|||&#8220; text_text_color=&#8220;#8a4505&#8243; text_font_size=&#8220;30px&#8220; text_letter_spacing=&#8220;3px&#8220; text_line_height=&#8220;1em&#8220; header_font=&#8220;|600||||on|||&#8220; header_text_align=&#8220;left&#8220; header_text_color=&#8220;#8a4505&#8243; header_letter_spacing=&#8220;1px&#8220; custom_margin=&#8220;||5px||false|false&#8220; global_module=&#8220;10440&#8243; saved_tabs=&#8220;all&#8220; global_colors_info=&#8220;{}&#8220;]<\/p>\n<h1>Service<\/h1>\n<p>[\/et_pb_text][et_pb_menu menu_id=&#8220;6&#8243; active_link_color=&#8220;#595959&#8243; dropdown_menu_line_color=&#8220;#8a4505&#8243; disabled_on=&#8220;on|on|off&#8220; admin_label=&#8220;Men\u00fc-4&#8243; module_class=&#8220;pa-vertical-menu&#8220; _builder_version=&#8220;4.27.4&#8243; _module_preset=&#8220;default&#8220; menu_text_color=&#8220;#595959&#8243; menu_font_size=&#8220;18px&#8220; menu_line_height=&#8220;1.2em&#8220; width=&#8220;90%&#8220; max_width=&#8220;90%&#8220; custom_margin=&#8220;0px|0px|20px|20px|false|false&#8220; custom_padding=&#8220;0px|0px|10px|0px|false|false&#8220; box_shadow_style=&#8220;preset2&#8243; box_shadow_horizontal=&#8220;20px&#8220; box_shadow_vertical=&#8220;15px&#8220; box_shadow_blur=&#8220;15px&#8220; box_shadow_spread=&#8220;-6px&#8220; global_module=&#8220;10441&#8243; saved_tabs=&#8220;all&#8220; global_colors_info=&#8220;{}&#8220;][\/et_pb_menu][\/et_pb_column][et_pb_column type=&#8220;3_4&#8243; _builder_version=&#8220;4.16&#8243; global_colors_info=&#8220;{}&#8220;][et_pb_text module_id=&#8220;Inhaltsbeginn&#8220; _builder_version=&#8220;4.27.4&#8243; text_font=&#8220;||||||||&#8220; global_colors_info=&#8220;{}&#8220;]<\/p>\n<p>&nbsp;<\/p>\n<h1><span style=\"font-size: x-large; color: #0c71c3;\"><strong>Erkl\u00e4rung zur Barrierefreiheit<\/strong><\/span><\/h1>\n<p>[\/et_pb_text][et_pb_text _builder_version=&#8220;4.27.6&#8243; text_font=&#8220;||||||||&#8220; custom_padding=&#8220;||3px|||&#8220; hover_enabled=&#8220;0&#8243; global_colors_info=&#8220;{}&#8220; sticky_enabled=&#8220;0&#8243;]<\/p>\n<p><span>Die Ortsgemeinde Bitzen als Betreiber der Website <\/span>https:\/\/bitzen-online.de<span>\u00a0ist bem\u00fcht, ihre Website im Einklang mit dem Barrierefreiheitsst\u00e4rkungsgesetz (BFSG) und den geltenden technischen Standards barrierefrei zug\u00e4nglich zu machen. Die folgende Erkl\u00e4rung zur Barrierefreiheit gilt f\u00fcr\u00a0<\/span>https:\/\/bitzen-online.de.<\/p>\n<h2><span style=\"color: #0c71c3; font-size: x-large;\">1. Feedback und Kontaktm\u00f6glichkeiten<\/span><\/h2>\n<p>Sind Ihnen Barrieren beim Zugang zu Inhalten auf<span>\u00a0<\/span><a href=\"https:\/\/bitzen-online.de\" target=\"_blank\" rel=\"noopener\">https:\/\/bitzen-online.de<\/a><span>\u00a0<\/span>aufgefallen? Dann k\u00f6nnen Sie sich gerne bei uns melden. Wir freuen uns auf Ihr Feedback und bem\u00fchen uns, die gemeldeten Barrieren im Rahmen der technischen und wirtschaftlichen M\u00f6glichkeiten schnellstm\u00f6glich zu beheben. Bitte teilen Sie uns mit, auf welcher Seite und bei welcher Funktion Sie auf Barrieren gesto\u00dfen sind. Sie k\u00f6nnen uns \u00fcber folgende Wege Barrieren melden:<\/p>\n<p><strong>E-Mail:<\/strong><span>\u00a0<\/span><a href=\"mailto:gemeinde@bitzen-online.de\">gemeinde(at)bitzen-online.de<\/a><br \/><strong>Telefonnummer:<\/strong><span>\u00a0<\/span>02682 9554937<br \/><strong>Kontaktformular:<\/strong><span>\u00a0<\/span><a href=\"https:\/\/bitzen-online.de\/wp\/?page_id=3004\" target=\"_blank\" rel=\"noopener\">https:\/\/bitzen-online.de\/wp\/?page_id=3004<\/a><br \/><strong>Anschrift:<\/strong><span>\u00a0<\/span><span>Siegstra\u00dfe 24, 57539 Bitzen<\/span><\/p>\n<p><span><\/span><\/p>\n<h2><span style=\"font-size: x-large;\"><span style=\"color: #0c71c3;\">2.<\/span>\u00a0<span style=\"color: #0c71c3;\">Stand der Vereinbarkeit mit den Anforderungen<\/span><\/span><\/h2>\n<p><span>Die Website\u00a0<\/span>https:\/\/bitzen-online.de<span>\u00a0ist vollst\u00e4ndig konform und entspricht dadurch den Anforderungen der WCAG 2.1 Level AA.<\/span><\/p>\n<p><span><\/span><\/p>\n<h2><span style=\"color: #0c71c3; font-size: x-large;\">3. Bewertungsmethode<\/span><\/h2>\n<p>Die folgenden Methoden wurden verwendet, um die Barrierefreiheit der Website zu bewerten:<br \/>Die Website wurde mit<span>\u00a0<\/span><a href=\"https:\/\/siteboard.io\" target=\"_blank\" rel=\"noopener\">siteboard<\/a><span> und <a href=\"https:\/\/wave.webaim.org\/\" target=\"_blank\" rel=\"noopener\">wave (web accessibility evaluation tool)<\/a> \u00a0<\/span>gescannt und bewertet.<\/p>\n<h2><span style=\"color: #0c71c3; font-size: x-large;\">4. Durchsetzungsverfahren<\/span><\/h2>\n<p>Wir sind stets bem\u00fcht, alle Anliegen zu Ihrer Zufriedenheit zu kl\u00e4ren. Sollte es dennoch vorkommen, dass Sie mit unserer R\u00fcckmeldung auf Ihr Barrierefreiheits-Anliegen nicht einverstanden sind oder wir innerhalb einer angemessenen Frist nicht auf Ihre Anfrage reagieren, haben Sie im Rahmen der gesetzlichen Bestimmungen die M\u00f6glichkeit, ein Durchsetzungs- bzw. Schlichtungsverfahren einzuleiten. F\u00fcr private Unternehmen ist kein besonderes Schlichtungsverfahren \u00fcber eine offizielle Stelle (etwa nach dem Behindertengleichstellungsgesetz) vorgeschrieben. Sie k\u00f6nnen sich jedoch an die zust\u00e4ndigen Markt\u00fcberwachungsbeh\u00f6rden wenden, welche ab dem 28. Juni 2025 die Einhaltung der Barrierefreiheitsanforderungen des BFSG \u00fcberwachen. Diese Beh\u00f6rden k\u00f6nnen bei Verst\u00f6\u00dfen Ma\u00dfnahmen ergreifen und Vermittlungsgespr\u00e4che anbieten. Gegebenenfalls steht es Ihnen auch frei, rechtliche Schritte einzuleiten &#8211; das BFSG r\u00e4umt Verbrauchern ausdr\u00fccklich Rechte ein, Barrierefreiheitsm\u00e4ngel zu beanstanden und notfalls gerichtlich pr\u00fcfen zu lassen. Wir empfehlen jedoch, sich zun\u00e4chst direkt an uns zu wenden (siehe Kontaktdaten oben). In den meisten F\u00e4llen lassen sich Fragen und Probleme im direkten Dialog kl\u00e4ren. Unser Team hilft Ihnen gerne weiter, um gemeinsam eine f\u00fcr alle zufriedenstellende L\u00f6sung zu finden.<\/p>\n<p><strong>Markt\u00fcberwachungsstelle der L\u00e4nder f\u00fcr die Barrierefreiheit von Produkten und Dienstleistungen (MLBF A\u00f6R):<\/strong><br \/>c\/o Ministerium f\u00fcr Arbeit, Soziales, Gesundheit und Gleichstellung Sachsen-Anhalt<br \/>Postfach 39 11 55<br \/>39135 Magdeburg<\/p>\n<p>Telefon:<span>\u00a0<\/span><a href=\"tel:03915676970\">0391 567 6970<\/a><br \/>E-Mail:<span>\u00a0<\/span><a href=\"mailto:MLBF@ms.sachsen-anhalt.de\">MLBF(at)ms.sachsen-anhalt.de<\/a><\/p>\n<h2><span style=\"font-size: x-large;\"><span style=\"color: #0c71c3;\">5.<\/span> <span style=\"color: #0c71c3;\">Impressum und Datenschutz<\/span><\/span><\/h2>\n<p>Hinweise zum Datenschutz und das vollst\u00e4ndige Impressum der Ortsgemeinde Bitzen ist auf der Website unter folgendem Link abrufbar:<br \/><a href=\"https:\/\/bitzen-online.de\/wp\/?page_id=1558\">https:\/\/bitzen-online.de\/wp\/?page_id=1558<\/a><\/p>\n<p><strong><\/strong><\/p>\n<p><strong>Letzte Aktualisierung:<\/strong><span>\u00a0<\/span>20.04.2026<br \/><em style=\"font-size: 14px;\">Diese Barrierefreiheitserkl\u00e4rung wurde mit dem kostenlosen Barrierefreiheitserkl\u00e4rungs-Generator von\u00a0<a href=\"https:\/\/siteboard.io\/\" target=\"_blank\" rel=\"noopener\">siteboard.io<\/a>\u00a0erstellt.<\/em><\/p>\n<p><em><\/em><\/p>\n<p>[\/et_pb_text][\/et_pb_column][\/et_pb_row][\/et_pb_section]<\/p>\n","protected":false},"excerpt":{"rendered":"<p>Die Gemeinde Freizeit &amp; Kultur Bitzer Allerlei Service &nbsp; Erkl\u00e4rung zur BarrierefreiheitDie Ortsgemeinde Bitzen als Betreiber der Website https:\/\/bitzen-online.de\u00a0ist bem\u00fcht, ihre Website im Einklang mit dem Barrierefreiheitsst\u00e4rkungsgesetz (BFSG) und den geltenden technischen Standards barrierefrei zug\u00e4nglich zu machen. Die folgende Erkl\u00e4rung zur Barrierefreiheit gilt f\u00fcr\u00a0https:\/\/bitzen-online.de. 1. Feedback und Kontaktm\u00f6glichkeiten Sind Ihnen Barrieren beim Zugang zu Inhalten [&hellip;]<\/p>\n","protected":false},"author":3,"featured_media":0,"parent":0,"menu_order":0,"comment_status":"closed","ping_status":"closed","template":"","meta":{"_et_pb_use_builder":"on","_et_pb_old_content":"","_et_gb_content_width":"","footnotes":""},"class_list":["post-12813","page","type-page","status-publish","hentry"],"_links":{"self":[{"href":"https:\/\/bitzen-online.de\/wp\/index.php?rest_route=\/wp\/v2\/pages\/12813","targetHints":{"allow":["GET"]}}],"collection":[{"href":"https:\/\/bitzen-online.de\/wp\/index.php?rest_route=\/wp\/v2\/pages"}],"about":[{"href":"https:\/\/bitzen-online.de\/wp\/index.php?rest_route=\/wp\/v2\/types\/page"}],"author":[{"embeddable":true,"href":"https:\/\/bitzen-online.de\/wp\/index.php?rest_route=\/wp\/v2\/users\/3"}],"replies":[{"embeddable":true,"href":"https:\/\/bitzen-online.de\/wp\/index.php?rest_route=%2Fwp%2Fv2%2Fcomments&post=12813"}],"version-history":[{"count":18,"href":"https:\/\/bitzen-online.de\/wp\/index.php?rest_route=\/wp\/v2\/pages\/12813\/revisions"}],"predecessor-version":[{"id":12865,"href":"https:\/\/bitzen-online.de\/wp\/index.php?rest_route=\/wp\/v2\/pages\/12813\/revisions\/12865"}],"wp:attachment":[{"href":"https:\/\/bitzen-online.de\/wp\/index.php?rest_route=%2Fwp%2Fv2%2Fmedia&parent=12813"}],"curies":[{"name":"wp","href":"https:\/\/api.w.org\/{rel}","templated":true}]}}