{"id":1899,"date":"2020-04-28T12:29:12","date_gmt":"2020-04-28T10:29:12","guid":{"rendered":"https:\/\/bitzen-online.de\/wp\/?page_id=1899"},"modified":"2025-05-10T11:43:28","modified_gmt":"2025-05-10T09:43:28","slug":"entstehung-der-ortsnamen","status":"publish","type":"page","link":"https:\/\/bitzen-online.de\/wp\/?page_id=1899","title":{"rendered":"Entstehung der Ortsnamen"},"content":{"rendered":"<p>[et_pb_section fb_built=&#8220;1&#8243; _builder_version=&#8220;4.27.0&#8243; custom_margin=&#8220;0px||||false|false&#8220; custom_padding=&#8220;20px||0px||false|false&#8220; top_divider_style=&#8220;curve2&#8243; top_divider_color=&#8220;rgba(1,55,170,0.67)&#8220; top_divider_height=&#8220;35px&#8220; top_divider_repeat=&#8220;0x&#8220; global_colors_info=&#8220;{}&#8220;][et_pb_row column_structure=&#8220;1_4,3_4&#8243; _builder_version=&#8220;4.16&#8243; width=&#8220;96%&#8220; global_colors_info=&#8220;{}&#8220;][et_pb_column type=&#8220;1_4&#8243; _builder_version=&#8220;4.16&#8243; global_colors_info=&#8220;{}&#8220;][et_pb_image src=&#8220;https:\/\/bitzen-online.de\/wp\/wp-content\/uploads\/2020\/02\/logo_r.jpg&#8220; alt=&#8220;Logo von Bitzen mit Link auf Startseite&#8220; title_text=&#8220;logo_r&#8220; url=&#8220;https:\/\/bitzen-online.de\/wp\/&#8220; admin_label=&#8220;Logo&#8220; _builder_version=&#8220;4.27.4&#8243; global_module=&#8220;11056&#8243; global_colors_info=&#8220;{}&#8220;][\/et_pb_image][et_pb_text disabled_on=&#8220;on|on|off&#8220; admin_label=&#8220;Men\u00fctitel-1&#8243; _builder_version=&#8220;4.27.4&#8243; _module_preset=&#8220;default&#8220; text_font=&#8220;|600||||on|||&#8220; text_text_color=&#8220;#00a300&#8243; text_font_size=&#8220;30px&#8220; text_letter_spacing=&#8220;3px&#8220; text_line_height=&#8220;1em&#8220; header_font=&#8220;|600||||on|||&#8220; header_text_align=&#8220;left&#8220; header_text_color=&#8220;#00a300&#8243; header_letter_spacing=&#8220;1px&#8220; custom_margin=&#8220;||5px||false|false&#8220; global_module=&#8220;10434&#8243; saved_tabs=&#8220;all&#8220; global_colors_info=&#8220;{}&#8220;]<\/p>\n<h1>Die Gemeinde<\/h1>\n<p>[\/et_pb_text][et_pb_menu menu_id=&#8220;3&#8243; active_link_color=&#8220;#595959&#8243; dropdown_menu_line_color=&#8220;#0aa300&#8243; disabled_on=&#8220;on|on|off&#8220; admin_label=&#8220;Men\u00fc-1&#8243; module_class=&#8220;pa-vertical-menu&#8220; _builder_version=&#8220;4.27.4&#8243; _module_preset=&#8220;default&#8220; menu_text_color=&#8220;#595959&#8243; menu_font_size=&#8220;18px&#8220; menu_line_height=&#8220;1.2em&#8220; width=&#8220;90%&#8220; max_width=&#8220;90%&#8220; custom_margin=&#8220;0px|0px|20px|20px|false|false&#8220; custom_padding=&#8220;0px|0px|10px|0px|false|false&#8220; box_shadow_style=&#8220;preset2&#8243; box_shadow_horizontal=&#8220;20px&#8220; box_shadow_vertical=&#8220;15px&#8220; box_shadow_blur=&#8220;15px&#8220; box_shadow_spread=&#8220;-6px&#8220; global_module=&#8220;10435&#8243; saved_tabs=&#8220;all&#8220; global_colors_info=&#8220;{}&#8220;][\/et_pb_menu][et_pb_text disabled_on=&#8220;on|on|off&#8220; admin_label=&#8220;Men\u00fctitel-2&#8243; _builder_version=&#8220;4.27.4&#8243; _module_preset=&#8220;default&#8220; text_font=&#8220;|600||||on|||&#8220; text_text_color=&#8220;#0c71c3&#8243; text_font_size=&#8220;30px&#8220; text_letter_spacing=&#8220;3px&#8220; text_line_height=&#8220;1em&#8220; header_font=&#8220;|600||||on|||&#8220; header_text_align=&#8220;left&#8220; header_text_color=&#8220;#0c71c3&#8243; header_letter_spacing=&#8220;1px&#8220; custom_margin=&#8220;||5px||false|false&#8220; global_module=&#8220;10436&#8243; saved_tabs=&#8220;all&#8220; global_colors_info=&#8220;{}&#8220;]<\/p>\n<h1>Freizeit &amp; Kultur<\/h1>\n<p>[\/et_pb_text][et_pb_menu menu_id=&#8220;4&#8243; active_link_color=&#8220;#595959&#8243; dropdown_menu_line_color=&#8220;#0c71c3&#8243; disabled_on=&#8220;on|on|off&#8220; admin_label=&#8220;Men\u00fc-2&#8243; module_class=&#8220;pa-vertical-menu&#8220; _builder_version=&#8220;4.27.4&#8243; _module_preset=&#8220;default&#8220; menu_text_color=&#8220;#595959&#8243; menu_font_size=&#8220;18px&#8220; menu_line_height=&#8220;1.2em&#8220; width=&#8220;90%&#8220; max_width=&#8220;90%&#8220; custom_margin=&#8220;0px|0px|20px|20px|false|false&#8220; custom_padding=&#8220;0px|0px|10px|0px|false|false&#8220; box_shadow_style=&#8220;preset2&#8243; box_shadow_horizontal=&#8220;20px&#8220; box_shadow_vertical=&#8220;15px&#8220; box_shadow_blur=&#8220;15px&#8220; box_shadow_spread=&#8220;-6px&#8220; global_module=&#8220;10437&#8243; saved_tabs=&#8220;all&#8220; global_colors_info=&#8220;{}&#8220;][\/et_pb_menu][et_pb_text disabled_on=&#8220;on|on|off&#8220; admin_label=&#8220;Men\u00fctitel-3&#8243; _builder_version=&#8220;4.27.4&#8243; _module_preset=&#8220;default&#8220; text_font=&#8220;|600||||on|||&#8220; text_text_color=&#8220;#e02b20&#8243; text_font_size=&#8220;30px&#8220; text_letter_spacing=&#8220;3px&#8220; text_line_height=&#8220;1em&#8220; header_font=&#8220;|600||||on|||&#8220; header_text_align=&#8220;left&#8220; header_text_color=&#8220;#e02b20&#8243; header_letter_spacing=&#8220;1px&#8220; custom_margin=&#8220;||5px||false|false&#8220; global_module=&#8220;10438&#8243; saved_tabs=&#8220;all&#8220; global_colors_info=&#8220;{}&#8220;]<\/p>\n<h1>Bitzer Allerlei<\/h1>\n<p>[\/et_pb_text][et_pb_menu menu_id=&#8220;5&#8243; active_link_color=&#8220;#595959&#8243; dropdown_menu_line_color=&#8220;#e02b20&#8243; disabled_on=&#8220;on|on|off&#8220; admin_label=&#8220;Men\u00fc-3&#8243; module_class=&#8220;pa-vertical-menu&#8220; _builder_version=&#8220;4.27.4&#8243; _module_preset=&#8220;default&#8220; menu_text_color=&#8220;#595959&#8243; menu_font_size=&#8220;18px&#8220; menu_line_height=&#8220;1.2em&#8220; width=&#8220;90%&#8220; max_width=&#8220;90%&#8220; custom_margin=&#8220;0px|0px|20px|20px|false|false&#8220; custom_padding=&#8220;0px|0px|10px|0px|false|false&#8220; box_shadow_style=&#8220;preset2&#8243; box_shadow_horizontal=&#8220;20px&#8220; box_shadow_vertical=&#8220;15px&#8220; box_shadow_blur=&#8220;15px&#8220; box_shadow_spread=&#8220;-6px&#8220; global_module=&#8220;10439&#8243; saved_tabs=&#8220;all&#8220; global_colors_info=&#8220;{}&#8220;][\/et_pb_menu][et_pb_text disabled_on=&#8220;on|on|off&#8220; admin_label=&#8220;Men\u00fctitel-4&#8243; _builder_version=&#8220;4.27.4&#8243; _module_preset=&#8220;default&#8220; text_font=&#8220;|600||||on|||&#8220; text_text_color=&#8220;#8a4505&#8243; text_font_size=&#8220;30px&#8220; text_letter_spacing=&#8220;3px&#8220; text_line_height=&#8220;1em&#8220; header_font=&#8220;|600||||on|||&#8220; header_text_align=&#8220;left&#8220; header_text_color=&#8220;#8a4505&#8243; header_letter_spacing=&#8220;1px&#8220; custom_margin=&#8220;||5px||false|false&#8220; global_module=&#8220;10440&#8243; saved_tabs=&#8220;all&#8220; global_colors_info=&#8220;{}&#8220;]<\/p>\n<h1>Service<\/h1>\n<p>[\/et_pb_text][et_pb_menu menu_id=&#8220;6&#8243; active_link_color=&#8220;#595959&#8243; dropdown_menu_line_color=&#8220;#8a4505&#8243; disabled_on=&#8220;on|on|off&#8220; admin_label=&#8220;Men\u00fc-4&#8243; module_class=&#8220;pa-vertical-menu&#8220; _builder_version=&#8220;4.27.4&#8243; _module_preset=&#8220;default&#8220; menu_text_color=&#8220;#595959&#8243; menu_font_size=&#8220;18px&#8220; menu_line_height=&#8220;1.2em&#8220; width=&#8220;90%&#8220; max_width=&#8220;90%&#8220; custom_margin=&#8220;0px|0px|20px|20px|false|false&#8220; custom_padding=&#8220;0px|0px|10px|0px|false|false&#8220; box_shadow_style=&#8220;preset2&#8243; box_shadow_horizontal=&#8220;20px&#8220; box_shadow_vertical=&#8220;15px&#8220; box_shadow_blur=&#8220;15px&#8220; box_shadow_spread=&#8220;-6px&#8220; global_module=&#8220;10441&#8243; saved_tabs=&#8220;all&#8220; global_colors_info=&#8220;{}&#8220;][\/et_pb_menu][\/et_pb_column][et_pb_column type=&#8220;3_4&#8243; _builder_version=&#8220;4.16&#8243; global_colors_info=&#8220;{}&#8220;][et_pb_text admin_label=&#8220;\u00dcberschrift&#8220; module_id=&#8220;Inhaltsbeginn&#8220; _builder_version=&#8220;4.27.4&#8243; text_text_color=&#8220;#000000&#8243; text_font_size=&#8220;28px&#8220; text_letter_spacing=&#8220;2px&#8220; text_line_height=&#8220;1em&#8220; hover_enabled=&#8220;0&#8243; global_colors_info=&#8220;{}&#8220; sticky_enabled=&#8220;0&#8243;]<\/p>\n<p><span><\/span><br \/><span><\/span><\/p>\n<h1>Die Entstehung der Ortsnamen<\/h1>\n<p>[\/et_pb_text][et_pb_image src=&#8220;https:\/\/bitzen-online.de\/wp\/wp-content\/uploads\/2020\/04\/Ortsnamen.jpg&#8220; alt=&#8220;ahd althochdeutsch, mhd = mittelhochdeutsch Entstehung der Ortsnamen Bitzen:\u201eBitzhan%22 Gel\u00e4ndebezeichnung Bitze (ahd Bizuni) = bei und Zaun, eingez\u00e4untes Grundst\u00fcck  \u201ehan%22 (ahd Hagan, mhd. Hagen, nhd. Hain) = W\u00e4ldchen Zusammen also etwa \u201egehegter Wald%22 Ersterw\u00e4hnung 11.08.1455 Belehnung des \u201eSteynberge zo Bitzhan%22 durch Graf Gerhard II von Sayn an Heynrich van Dinslacht Landeshauptarchiv KO, 30, Nr.6256 D\u00fcnebusch:\u201eDihnenbusch%22, \u201eDedenbusch%22 Gel\u00e4ndebezeichnung Busch (ahd Busc, mhd Bosch) = Strauch D\u00fcne (ahd Dunni, mhd D\u00fcnne = langezogen Bedeutung also: l\u00e4nglicher Buschwald Ersterw\u00e4hnung des Ortes: 03.04.1571 Sicherungserkl\u00e4rung \u00fcber verliehenes Geld Zeuge war Johann von Dedenbusch Urkundenarchiv der F\u00fcrsten von Hatzfeldt-Wildenburg zu Sch\u00f6nstein Bearbeiter Jost Kloft, Bd. 3, Koblenz 1980, Nr. 156 Quelle: Heimatforscher Klaus Thiesbonenkamp Heimatjahrbuch des Kreises Altenkirchen 2017&#8243; align=&#8220;center&#8220; _builder_version=&#8220;4.27.4&#8243; global_colors_info=&#8220;{}&#8220;][\/et_pb_image][\/et_pb_column][\/et_pb_row][\/et_pb_section]<\/p>\n","protected":false},"excerpt":{"rendered":"<p>Die Gemeinde Freizeit &amp; Kultur Bitzer Allerlei Service Die Entstehung der Ortsnamen<\/p>\n","protected":false},"author":3,"featured_media":0,"parent":0,"menu_order":46,"comment_status":"closed","ping_status":"closed","template":"","meta":{"_et_pb_use_builder":"on","_et_pb_old_content":"","_et_gb_content_width":"","footnotes":""},"class_list":["post-1899","page","type-page","status-publish","hentry"],"_links":{"self":[{"href":"https:\/\/bitzen-online.de\/wp\/index.php?rest_route=\/wp\/v2\/pages\/1899","targetHints":{"allow":["GET"]}}],"collection":[{"href":"https:\/\/bitzen-online.de\/wp\/index.php?rest_route=\/wp\/v2\/pages"}],"about":[{"href":"https:\/\/bitzen-online.de\/wp\/index.php?rest_route=\/wp\/v2\/types\/page"}],"author":[{"embeddable":true,"href":"https:\/\/bitzen-online.de\/wp\/index.php?rest_route=\/wp\/v2\/users\/3"}],"replies":[{"embeddable":true,"href":"https:\/\/bitzen-online.de\/wp\/index.php?rest_route=%2Fwp%2Fv2%2Fcomments&post=1899"}],"version-history":[{"count":15,"href":"https:\/\/bitzen-online.de\/wp\/index.php?rest_route=\/wp\/v2\/pages\/1899\/revisions"}],"predecessor-version":[{"id":12036,"href":"https:\/\/bitzen-online.de\/wp\/index.php?rest_route=\/wp\/v2\/pages\/1899\/revisions\/12036"}],"wp:attachment":[{"href":"https:\/\/bitzen-online.de\/wp\/index.php?rest_route=%2Fwp%2Fv2%2Fmedia&parent=1899"}],"curies":[{"name":"wp","href":"https:\/\/api.w.org\/{rel}","templated":true}]}}